{"id":11596,"date":"2019-08-10T20:48:13","date_gmt":"2019-08-10T20:48:13","guid":{"rendered":"https:\/\/www.nimeakaya.org\/hoteis-e-restaurantes\/"},"modified":"2025-08-18T14:03:42","modified_gmt":"2025-08-18T14:03:42","slug":"hoteis-e-restaurantes","status":"publish","type":"page","link":"https:\/\/www.nimeakaya.org\/pt-pt\/hoteis-e-restaurantes\/","title":{"rendered":"HOT\u00c9IS E RESTAURANTES"},"content":{"rendered":"\n<p><\/p>\n<div class=\"wp-block-image\">\n<figure class=\"aligncenter\"><img loading=\"lazy\" decoding=\"async\" width=\"69\" height=\"68\" src=\"https:\/\/nimeakaya.org\/wp-content\/uploads\/2019\/05\/icon-snowflakeflower.png\" alt=\"\" class=\"wp-image-1954\"\/><\/figure>\n<\/div>\n<div id=\"comp-im3q5bbw\" class=\"txtNew\" data-packed=\"true\">\n<figure><\/figure><p class=\"font_7\" style=\"text-align: center;\"><\/p>\n<h3 class=\"font_7\" style=\"text-align: center;\">HOT\u00c9IS EM LIMA E MIRAFLORES<\/h3>\n<p> <\/p>\n<p> <\/p>\n<\/div>\n\n<p class=\"has-text-align-center\"><a href=\"https:\/\/www.wyndhamhotels.com\/wyndham\/lima-peru\/wyndham-costa-del-sol-lima-airport\/overview\" target=\"_blank\" rel=\"noopener\">Wyndam Costa del Sol no Aeroporto de Lima<\/a><\/p>\n\n<p class=\"has-text-align-center\"><a href=\"https:\/\/www.ihg.com\/holidayinn\/hotels\/us\/en\/lima\/limap\/hoteldetail?cm_mmc=GoogleMaps-_-HI-_-PE-_-LIMAP\" target=\"_blank\" rel=\"noopener\">Holiday Inn no aeroporto de Lima<\/a><\/p>\n\n<p class=\"has-text-align-center font_7\"><a href=\"http:\/\/www.hostalelpatio.net\" target=\"_blank\" rel=\"noopener\">Hostal el patio<\/a><\/p>\n\n<div id=\"comp-im3q3bgy\" class=\"txtNew\" data-packed=\"true\">\n<p style=\"text-align: center;\"><a href=\"https:\/\/www.melia.com\/en\/hotels\/peru\/lima\/innside-lima-miraflores\/index.htm\" target=\"_blank\" rel=\"noopener\">Hotel Innside<\/a><\/p>\n<p style=\"text-align: center;\"> <a href=\"https:\/\/www.hotelmiramarperu.com\/en\/official\/\" target=\"_blank\" rel=\"noopener\">Hotel Miramar<\/a><\/p>\n<p style=\"text-align: center;\"><a href=\"http:\/\/www.antiguamiraflores.com\">Hotel Antigua<\/a><\/p>\n<p style=\"text-align: center;\">B&#038;B de Kike (Curta Dist\u00e2ncia do Aeroporto) &#8212;<br\/><a href=\"http:\/\/www.lima1night.com\/page0.php\" target=\"_blank\" rel=\"noopener undefined noreferrer\" data-content=\"http:\/\/www.lima1night.com\/page0.php\" data-type=\"external\">www.lima1night.com\/page0.php <\/a> <\/p>\n<\/div>\n<style>.wp-block-kadence-spacer.kt-block-spacer-2174_6366bb-6c .kt-block-spacer{height:60px;}.wp-block-kadence-spacer.kt-block-spacer-2174_6366bb-6c .kt-divider{border-top-width:1px;height:1px;border-top-color:#eee;width:80%;border-top-style:solid;}<\/style>\n<div class=\"wp-block-kadence-spacer aligncenter kt-block-spacer-2174_6366bb-6c\"><div class=\"kt-block-spacer kt-block-spacer-halign-center\"><hr class=\"kt-divider\"\/><\/div><\/div>\n<div class=\"wp-block-image\">\n<figure class=\"aligncenter is-resized\"><img loading=\"lazy\" decoding=\"async\" width=\"131\" height=\"62\" src=\"https:\/\/nimeakaya.org\/wp-content\/uploads\/2019\/01\/icon-leafswirl2.png\" alt=\"\" class=\"wp-image-81\" style=\"width:75px;height:auto\"\/><\/figure>\n<\/div>\n<div id=\"comp-jd0qgka9\" class=\"txtNew\" data-packed=\"false\" data-min-height=\"36\">\n<h3 class=\"font_7\" style=\"text-align: center;\"> <\/h3>\n<h3 class=\"font_7\" style=\"text-align: center;\"><span class=\"color_20\"><\/span><\/h3>\n<h3> <\/h3>\n<h3 class=\"font_7\" style=\"text-align: center;\"><span class=\"color_20\">RESTAURANTES RECOMENDADOS EM MIRAFLORES E BARRANCO<br\/><\/span><\/h3>\n<\/div>\n\n<div id=\"comp-jlqu4s76\" class=\"style-jlqu4byz\" data-svg-id=\"c38bd292552642028e1b0755ad8cbd22.svg\" data-svg-type=\"color\" data-display-mode=\"fit\" data-viewbox=\"0 0 200 200\" data-preserve-viewbox=\"ignore\">\n<div id=\"comp-jlqu4s76link\" class=\"style-jlqu4byzlink\">\n<div> <\/div>\n<div id=\"comp-jlqu4s76svg\" class=\"style-jlqu4byz_comp-jlqu4s76 style-jlqu4byz_non-scaling-stroke style-jlqu4byzsvg\" style=\"text-align: center;\"><a href=\"https:\/\/www.rawcafe.com.pe\/\" target=\"_blank\" rel=\"noopener\">Raw caf\u00e9<\/a>: Calle indepencia 596, miraflores<\/div>\n<div> <\/div>\n<div class=\"style-jlqu4byz_comp-jlqu4s76 style-jlqu4byz_non-scaling-stroke style-jlqu4byzsvg\" style=\"text-align: center;\"><a href=\"https:\/\/www.facebook.com\/Germinandovi\/\" target=\"_blank\" rel=\"noopener\">Germinando Vida<\/a>: av. Grau 209 a, barranco <\/div>\n<div> <\/div>\n<div style=\"text-align: center;\"><a href=\"https:\/\/www.tripadvisor.com\/Restaurant_Review-g294316-d17320855-Reviews-Freshii-Lima_Lima_Region.html\" target=\"_blank\" rel=\"noopener\">Freshii:<\/a> alcanfores 425, miraflores<\/div>\n<div> <\/div>\n<div class=\"style-jlqu4byz_comp-jlqu4s76 style-jlqu4byz_non-scaling-stroke style-jlqu4byzsvg\" style=\"text-align: center;\"><a href=\"https:\/\/www.facebook.com\/La-Verde-882426118502872\/?ref=page_internal\" target=\"_blank\" rel=\"noopener\">La Verd\u00e9 Bio-factoria<\/a>: Calle Gral. Recavarren 315, Miraflores <\/div>\n<div> <\/div>\n<\/div>\n<\/div>\n\n<div id=\"comp-jd0qjhwp\" class=\"txtNew\" data-packed=\"true\">\n<figure><img loading=\"lazy\" decoding=\"async\" class=\"wp-image-81 aligncenter\" src=\"https:\/\/nimeakaya.org\/wp-content\/uploads\/2019\/01\/icon-leafswirl2.png\" alt=\"\" width=\"75\" height=\"35\"\/><\/figure><p class=\"font_7\" style=\"text-align: center;\"><span class=\"wixGuard\">\u200b<\/span><\/p>\n<div id=\"comp-im3qep74\" class=\"txtNew\" data-packed=\"true\">\n<h3> <\/h3>\n<h3 class=\"font_6\" style=\"text-align: center;\">HOT\u00c9IS EM PUCALLPA<\/h3>\n<\/div>\n<div id=\"comp-im3q89fz\" class=\"txtNew\" data-packed=\"true\">\n<p class=\"font_7\" style=\"text-align: center;\">Manish Eco Lodge<br\/><a href=\"http:\/\/www.manishhotel.com.pe\/en\/\" target=\"_blank\" rel=\"noopener undefined noreferrer\" data-content=\"http:\/\/www.manishhotel.com.pe\/en\/\" data-type=\"external\">www.manishhotel.com.pe\/en\/<\/a><\/p>\n<p style=\"text-align: center;\">Los gavilanes<br\/><a href=\"http:\/\/losgavilaneshotel.com\/\" target=\"_blank\" rel=\"noopener undefined noreferrer\" data-content=\"http:\/\/losgavilaneshotel.com\/\" data-type=\"external\">www.losgavilaneshotel.com<\/a><\/p>\n<p style=\"text-align: center;\">Casa Andina<br\/><a href=\"http:\/\/www.casa-andina.com\" target=\"_blank\" rel=\"noopener undefined noreferrer\" data-content=\"http:\/\/www.casa-andina.com\" data-type=\"external\">www.casa-andina.com<\/a><\/p>\n<p style=\"text-align: center;\"> <\/p>\n<\/div>\n<\/div>\n<div class=\"wp-block-image\">\n<figure class=\"aligncenter\"><img loading=\"lazy\" decoding=\"async\" width=\"86\" height=\"57\" src=\"https:\/\/nimeakaya.org\/wp-content\/uploads\/2019\/01\/icon-diamond.png\" alt=\"\" class=\"wp-image-76\"\/><\/figure>\n<\/div>\n<p><\/p>\n","protected":false},"excerpt":{"rendered":"<p>HOT\u00c9IS EM LIMA E MIRAFLORES Wyndam Costa del Sol no Aeroporto de Lima Holiday Inn no aeroporto de Lima Hostal el patio Hotel Innside Hotel Miramar Hotel Antigua B&#038;B de Kike (Curta Dist\u00e2ncia do Aeroporto) &#8212;www.lima1night.com\/page0.php RESTAURANTES RECOMENDADOS EM MIRAFLORES E BARRANCO Raw caf\u00e9: Calle indepencia 596, miraflores Germinando Vida: av. Grau 209 a, barranco&#8230;<\/p>\n","protected":false},"author":3,"featured_media":0,"parent":0,"menu_order":0,"comment_status":"closed","ping_status":"closed","template":"","meta":{"_kad_blocks_custom_css":"","_kad_blocks_head_custom_js":"","_kad_blocks_body_custom_js":"","_kad_blocks_footer_custom_js":"","_kad_post_transparent":"","_kad_post_title":"","_kad_post_layout":"","_kad_post_sidebar_id":"","_kad_post_content_style":"","_kad_post_vertical_padding":"","_kad_post_feature":"","_kad_post_feature_position":"","_kad_post_header":false,"_kad_post_footer":false,"_kad_post_classname":"","footnotes":""},"class_list":["post-11596","page","type-page","status-publish","hentry"],"yoast_head":"<!-- This site is optimized with the Yoast SEO plugin v27.4 - https:\/\/yoast.com\/product\/yoast-seo-wordpress\/ -->\n<title>Retiro de Ayahuasca no Peru em Nimea Kaya - P\u00e1gina de hot\u00e9is e restaurantes<\/title>\n<meta name=\"description\" content=\"Centro de retiro de ayahuasca seguro e respons\u00e1vel com curandeiros shipibo na Amaz\u00f3nia do Peru. Yoga e medita\u00e7\u00e3o. Facilitadores compassivos e experientes.\" \/>\n<meta name=\"robots\" content=\"index, follow, max-snippet:-1, max-image-preview:large, max-video-preview:-1\" \/>\n<link rel=\"canonical\" href=\"https:\/\/www.nimeakaya.org\/pt-pt\/hoteis-e-restaurantes\/\" \/>\n<meta property=\"og:locale\" content=\"pt_PT\" \/>\n<meta property=\"og:type\" content=\"article\" \/>\n<meta property=\"og:title\" content=\"Retiro de Ayahuasca no Peru em Nimea Kaya - P\u00e1gina de hot\u00e9is e restaurantes\" \/>\n<meta property=\"og:description\" content=\"Centro de retiro de ayahuasca seguro e respons\u00e1vel com curandeiros shipibo na Amaz\u00f3nia do Peru. Yoga e medita\u00e7\u00e3o. Facilitadores compassivos e experientes.\" \/>\n<meta property=\"og:url\" content=\"https:\/\/www.nimeakaya.org\/pt-pt\/hoteis-e-restaurantes\/\" \/>\n<meta property=\"og:site_name\" content=\"Ayahuasca Retreat in Peru at the Nimea Kaya Retreat Center\" \/>\n<meta property=\"article:modified_time\" content=\"2025-08-18T14:03:42+00:00\" \/>\n<meta property=\"og:image\" content=\"https:\/\/www.nimeakaya.org\/wp-content\/uploads\/2019\/05\/icon-snowflakeflower.png\" \/>\n\t<meta property=\"og:image:width\" content=\"69\" \/>\n\t<meta property=\"og:image:height\" content=\"68\" \/>\n\t<meta property=\"og:image:type\" content=\"image\/png\" \/>\n<meta name=\"twitter:card\" content=\"summary_large_image\" \/>\n<script type=\"application\/ld+json\" class=\"yoast-schema-graph\">{\"@context\":\"https:\\\/\\\/schema.org\",\"@graph\":[{\"@type\":\"WebPage\",\"@id\":\"https:\\\/\\\/www.nimeakaya.org\\\/pt-pt\\\/hoteis-e-restaurantes\\\/\",\"url\":\"https:\\\/\\\/www.nimeakaya.org\\\/pt-pt\\\/hoteis-e-restaurantes\\\/\",\"name\":\"Retiro de Ayahuasca no Peru em Nimea Kaya - P\u00e1gina de hot\u00e9is e restaurantes\",\"isPartOf\":{\"@id\":\"https:\\\/\\\/www.nimeakaya.org\\\/pt-pt\\\/#website\"},\"primaryImageOfPage\":{\"@id\":\"https:\\\/\\\/www.nimeakaya.org\\\/pt-pt\\\/hoteis-e-restaurantes\\\/#primaryimage\"},\"image\":{\"@id\":\"https:\\\/\\\/www.nimeakaya.org\\\/pt-pt\\\/hoteis-e-restaurantes\\\/#primaryimage\"},\"thumbnailUrl\":\"https:\\\/\\\/nimeakaya.org\\\/wp-content\\\/uploads\\\/2019\\\/05\\\/icon-snowflakeflower.png\",\"datePublished\":\"2019-08-10T20:48:13+00:00\",\"dateModified\":\"2025-08-18T14:03:42+00:00\",\"description\":\"Centro de retiro de ayahuasca seguro e respons\u00e1vel com curandeiros shipibo na Amaz\u00f3nia do Peru. Yoga e medita\u00e7\u00e3o. Facilitadores compassivos e experientes.\",\"breadcrumb\":{\"@id\":\"https:\\\/\\\/www.nimeakaya.org\\\/pt-pt\\\/hoteis-e-restaurantes\\\/#breadcrumb\"},\"inLanguage\":\"pt-PT\",\"potentialAction\":[{\"@type\":\"ReadAction\",\"target\":[\"https:\\\/\\\/www.nimeakaya.org\\\/pt-pt\\\/hoteis-e-restaurantes\\\/\"]}]},{\"@type\":\"ImageObject\",\"inLanguage\":\"pt-PT\",\"@id\":\"https:\\\/\\\/www.nimeakaya.org\\\/pt-pt\\\/hoteis-e-restaurantes\\\/#primaryimage\",\"url\":\"https:\\\/\\\/nimeakaya.org\\\/wp-content\\\/uploads\\\/2019\\\/05\\\/icon-snowflakeflower.png\",\"contentUrl\":\"https:\\\/\\\/nimeakaya.org\\\/wp-content\\\/uploads\\\/2019\\\/05\\\/icon-snowflakeflower.png\"},{\"@type\":\"BreadcrumbList\",\"@id\":\"https:\\\/\\\/www.nimeakaya.org\\\/pt-pt\\\/hoteis-e-restaurantes\\\/#breadcrumb\",\"itemListElement\":[{\"@type\":\"ListItem\",\"position\":1,\"name\":\"Home\",\"item\":\"https:\\\/\\\/www.nimeakaya.org\\\/pt-pt\\\/\"},{\"@type\":\"ListItem\",\"position\":2,\"name\":\"HOT\u00c9IS E RESTAURANTES\"}]},{\"@type\":\"WebSite\",\"@id\":\"https:\\\/\\\/www.nimeakaya.org\\\/pt-pt\\\/#website\",\"url\":\"https:\\\/\\\/www.nimeakaya.org\\\/pt-pt\\\/\",\"name\":\"Ayahuasca Retreat in Peru at the Nimea Kaya Retreat Center\",\"description\":\"Nimea Kaya Healing Center\",\"publisher\":{\"@id\":\"https:\\\/\\\/www.nimeakaya.org\\\/pt-pt\\\/#organization\"},\"potentialAction\":[{\"@type\":\"SearchAction\",\"target\":{\"@type\":\"EntryPoint\",\"urlTemplate\":\"https:\\\/\\\/www.nimeakaya.org\\\/pt-pt\\\/?s={search_term_string}\"},\"query-input\":{\"@type\":\"PropertyValueSpecification\",\"valueRequired\":true,\"valueName\":\"search_term_string\"}}],\"inLanguage\":\"pt-PT\"},{\"@type\":\"Organization\",\"@id\":\"https:\\\/\\\/www.nimeakaya.org\\\/pt-pt\\\/#organization\",\"name\":\"Ayahuasca Retreat in Peru at the Nimea Kaya Retreat Center\",\"url\":\"https:\\\/\\\/www.nimeakaya.org\\\/pt-pt\\\/\",\"logo\":{\"@type\":\"ImageObject\",\"inLanguage\":\"pt-PT\",\"@id\":\"https:\\\/\\\/www.nimeakaya.org\\\/pt-pt\\\/#\\\/schema\\\/logo\\\/image\\\/\",\"url\":\"https:\\\/\\\/www.nimeakaya.org\\\/wp-content\\\/uploads\\\/2019\\\/01\\\/NimeaKayaLogo.png\",\"contentUrl\":\"https:\\\/\\\/www.nimeakaya.org\\\/wp-content\\\/uploads\\\/2019\\\/01\\\/NimeaKayaLogo.png\",\"width\":290,\"height\":314,\"caption\":\"Ayahuasca Retreat in Peru at the Nimea Kaya Retreat Center\"},\"image\":{\"@id\":\"https:\\\/\\\/www.nimeakaya.org\\\/pt-pt\\\/#\\\/schema\\\/logo\\\/image\\\/\"}}]}<\/script>\n<!-- \/ Yoast SEO plugin. -->","yoast_head_json":{"title":"Retiro de Ayahuasca no Peru em Nimea Kaya - P\u00e1gina de hot\u00e9is e restaurantes","description":"Centro de retiro de ayahuasca seguro e respons\u00e1vel com curandeiros shipibo na Amaz\u00f3nia do Peru. Yoga e medita\u00e7\u00e3o. Facilitadores compassivos e experientes.","robots":{"index":"index","follow":"follow","max-snippet":"max-snippet:-1","max-image-preview":"max-image-preview:large","max-video-preview":"max-video-preview:-1"},"canonical":"https:\/\/www.nimeakaya.org\/pt-pt\/hoteis-e-restaurantes\/","og_locale":"pt_PT","og_type":"article","og_title":"Retiro de Ayahuasca no Peru em Nimea Kaya - P\u00e1gina de hot\u00e9is e restaurantes","og_description":"Centro de retiro de ayahuasca seguro e respons\u00e1vel com curandeiros shipibo na Amaz\u00f3nia do Peru. Yoga e medita\u00e7\u00e3o. Facilitadores compassivos e experientes.","og_url":"https:\/\/www.nimeakaya.org\/pt-pt\/hoteis-e-restaurantes\/","og_site_name":"Ayahuasca Retreat in Peru at the Nimea Kaya Retreat Center","article_modified_time":"2025-08-18T14:03:42+00:00","og_image":[{"width":69,"height":68,"url":"https:\/\/www.nimeakaya.org\/wp-content\/uploads\/2019\/05\/icon-snowflakeflower.png","type":"image\/png"}],"twitter_card":"summary_large_image","schema":{"@context":"https:\/\/schema.org","@graph":[{"@type":"WebPage","@id":"https:\/\/www.nimeakaya.org\/pt-pt\/hoteis-e-restaurantes\/","url":"https:\/\/www.nimeakaya.org\/pt-pt\/hoteis-e-restaurantes\/","name":"Retiro de Ayahuasca no Peru em Nimea Kaya - P\u00e1gina de hot\u00e9is e restaurantes","isPartOf":{"@id":"https:\/\/www.nimeakaya.org\/pt-pt\/#website"},"primaryImageOfPage":{"@id":"https:\/\/www.nimeakaya.org\/pt-pt\/hoteis-e-restaurantes\/#primaryimage"},"image":{"@id":"https:\/\/www.nimeakaya.org\/pt-pt\/hoteis-e-restaurantes\/#primaryimage"},"thumbnailUrl":"https:\/\/nimeakaya.org\/wp-content\/uploads\/2019\/05\/icon-snowflakeflower.png","datePublished":"2019-08-10T20:48:13+00:00","dateModified":"2025-08-18T14:03:42+00:00","description":"Centro de retiro de ayahuasca seguro e respons\u00e1vel com curandeiros shipibo na Amaz\u00f3nia do Peru. Yoga e medita\u00e7\u00e3o. Facilitadores compassivos e experientes.","breadcrumb":{"@id":"https:\/\/www.nimeakaya.org\/pt-pt\/hoteis-e-restaurantes\/#breadcrumb"},"inLanguage":"pt-PT","potentialAction":[{"@type":"ReadAction","target":["https:\/\/www.nimeakaya.org\/pt-pt\/hoteis-e-restaurantes\/"]}]},{"@type":"ImageObject","inLanguage":"pt-PT","@id":"https:\/\/www.nimeakaya.org\/pt-pt\/hoteis-e-restaurantes\/#primaryimage","url":"https:\/\/nimeakaya.org\/wp-content\/uploads\/2019\/05\/icon-snowflakeflower.png","contentUrl":"https:\/\/nimeakaya.org\/wp-content\/uploads\/2019\/05\/icon-snowflakeflower.png"},{"@type":"BreadcrumbList","@id":"https:\/\/www.nimeakaya.org\/pt-pt\/hoteis-e-restaurantes\/#breadcrumb","itemListElement":[{"@type":"ListItem","position":1,"name":"Home","item":"https:\/\/www.nimeakaya.org\/pt-pt\/"},{"@type":"ListItem","position":2,"name":"HOT\u00c9IS E RESTAURANTES"}]},{"@type":"WebSite","@id":"https:\/\/www.nimeakaya.org\/pt-pt\/#website","url":"https:\/\/www.nimeakaya.org\/pt-pt\/","name":"Ayahuasca Retreat in Peru at the Nimea Kaya Retreat Center","description":"Nimea Kaya Healing Center","publisher":{"@id":"https:\/\/www.nimeakaya.org\/pt-pt\/#organization"},"potentialAction":[{"@type":"SearchAction","target":{"@type":"EntryPoint","urlTemplate":"https:\/\/www.nimeakaya.org\/pt-pt\/?s={search_term_string}"},"query-input":{"@type":"PropertyValueSpecification","valueRequired":true,"valueName":"search_term_string"}}],"inLanguage":"pt-PT"},{"@type":"Organization","@id":"https:\/\/www.nimeakaya.org\/pt-pt\/#organization","name":"Ayahuasca Retreat in Peru at the Nimea Kaya Retreat Center","url":"https:\/\/www.nimeakaya.org\/pt-pt\/","logo":{"@type":"ImageObject","inLanguage":"pt-PT","@id":"https:\/\/www.nimeakaya.org\/pt-pt\/#\/schema\/logo\/image\/","url":"https:\/\/www.nimeakaya.org\/wp-content\/uploads\/2019\/01\/NimeaKayaLogo.png","contentUrl":"https:\/\/www.nimeakaya.org\/wp-content\/uploads\/2019\/01\/NimeaKayaLogo.png","width":290,"height":314,"caption":"Ayahuasca Retreat in Peru at the Nimea Kaya Retreat Center"},"image":{"@id":"https:\/\/www.nimeakaya.org\/pt-pt\/#\/schema\/logo\/image\/"}}]}},"taxonomy_info":[],"featured_image_src_large":false,"author_info":{"display_name":"Jill Levers","author_link":"https:\/\/www.nimeakaya.org\/pt-pt\/author\/jill-levers\/"},"comment_info":0,"_links":{"self":[{"href":"https:\/\/www.nimeakaya.org\/pt-pt\/wp-json\/wp\/v2\/pages\/11596","targetHints":{"allow":["GET"]}}],"collection":[{"href":"https:\/\/www.nimeakaya.org\/pt-pt\/wp-json\/wp\/v2\/pages"}],"about":[{"href":"https:\/\/www.nimeakaya.org\/pt-pt\/wp-json\/wp\/v2\/types\/page"}],"author":[{"embeddable":true,"href":"https:\/\/www.nimeakaya.org\/pt-pt\/wp-json\/wp\/v2\/users\/3"}],"replies":[{"embeddable":true,"href":"https:\/\/www.nimeakaya.org\/pt-pt\/wp-json\/wp\/v2\/comments?post=11596"}],"version-history":[{"count":1,"href":"https:\/\/www.nimeakaya.org\/pt-pt\/wp-json\/wp\/v2\/pages\/11596\/revisions"}],"predecessor-version":[{"id":11597,"href":"https:\/\/www.nimeakaya.org\/pt-pt\/wp-json\/wp\/v2\/pages\/11596\/revisions\/11597"}],"wp:attachment":[{"href":"https:\/\/www.nimeakaya.org\/pt-pt\/wp-json\/wp\/v2\/media?parent=11596"}],"curies":[{"name":"wp","href":"https:\/\/api.w.org\/{rel}","templated":true}]}}