{"id":11602,"date":"2019-03-04T21:39:43","date_gmt":"2019-03-04T21:39:43","guid":{"rendered":"https:\/\/www.nimeakaya.org\/zrzeczenie-sie-odpowiedzialnosci-asociacion-selva-spirit\/"},"modified":"2025-08-18T14:04:12","modified_gmt":"2025-08-18T14:04:12","slug":"zrzeczenie-sie-odpowiedzialnosci-asociacion-selva-spirit","status":"publish","type":"page","link":"https:\/\/www.nimeakaya.org\/pl\/zrzeczenie-sie-odpowiedzialnosci-asociacion-selva-spirit\/","title":{"rendered":"Zrzeczenie si\u0119 odpowiedzialno\u015bci Asociaci\u00f2n selva spirit"},"content":{"rendered":"<p>[vc_row][vc_column][vc_column_text]<\/p>\n<h2 style=\"text-align: center;\">Zrzeczenie si\u0119 odpowiedzialno\u015bci<\/h2>\n<p>\nI herby acknowledge that I have voluntarily applied to participate in a retreat I have chosen with the Nimea Kaya Healing Center under the Selva Spirit Associacion. I understand that by signing this document I accept and assume responsibility for any and all risks, whether or not specifically itemized herein, to include travel to and from activities and facilities. I hereby irrevocably release Selva Spirit, its employees, associates, board members, property owners, family of the same and any organization that Selva Spirit represents or contracts with.\u00a0 They shall be held harmless and blameless in the event of any mishap. I understand that the retreat and recreation activities which are a part of the retreats at Selva Spirit may involve some risk of injury or death from various hazards, both obvious and obscure, including but not limited to, injury by falling, being struck by falling objects, jungle fauna and flora, acts of other group participants and other risks or occurrences not set forth in this agreement. I am prepared and aware of the possibilities of risks and will not look to any entity or individual nor hold them responsible for my well being or the protection from such risks whether or not those risks are known or unknown by those organizations or individuals.\r\n<p>\nI am also aware that there is a medical clinic 30 minutes from the Retreat Center in Pucallpa in case of emergency.\u00a0 I agree that Associacion Selva Spirit, its principals, guides and agents are not liable for the adequacy or availability of any equipment or supplies that may be provided in conjunction with the retreat, or for the adequacy or availability of any first aid or medical care, or the negligent provision of first aid or medical care by it or by its guides or agents, participants, or by any physician, emergency care facility or any other person.\r\n<p>\nI agree to disclose in my application all truthful information relating to my medical history, current medications and dosages, vitamins or supplements being taken as well as allergies to medications or environmental substances.\u00a0 I agree to disclose any changes made in my dosages of medications to the Nimea Kaya Staff before the retreat begins.\u00a0 If I am on an anti-depressant medication or any substance that is contraindicated with the use of plant medicines, I agree to discontinue it\u2019s use no less then three weeks before the retreat begins.\r\n<p>\nI further agree to respect the person and property of others, and to abide by the rules of the Nimea Kaya Retreat. I understand that violation of those rules may lead to my expulsion from the retreat and facility without refund.\r\n<p>\nBY CLICKING THE INDICATED BOX ON THE APPLICATION FORM, I AGREE THAT I HAVE READ CAREFULLY THIS LIABILITY WAIVER AND FULLY UNDERSTAND AND AGREE WITH THEIR CONTENTS. I AM AWARE THAT THEY CONTAIN RELEASES, EXEMPTIONS AND LIMITATIONS OF LIABILITY, AND ARE PART OF THE CONTRACT BETWEEN MYSELF AND ASOCIACI\u00d2N SELVA SPIRIT.\r\n<p>&nbsp;<\/p>\n<p>[\/vc_column_text][\/vc_column][\/vc_row]<\/p>\n","protected":false},"excerpt":{"rendered":"<p>[vc_row][vc_column][vc_column_text] Zrzeczenie si\u0119 odpowiedzialno\u015bci I herby acknowledge that I have voluntarily applied to participate in a retreat I have chosen with the Nimea Kaya Healing Center under the Selva Spirit Associacion. I understand that by signing this document I accept and assume responsibility for any and all risks, whether or not specifically itemized herein, to&#8230;<\/p>\n","protected":false},"author":1,"featured_media":0,"parent":0,"menu_order":0,"comment_status":"closed","ping_status":"closed","template":"","meta":{"_kad_blocks_custom_css":"","_kad_blocks_head_custom_js":"","_kad_blocks_body_custom_js":"","_kad_blocks_footer_custom_js":"","_kad_post_transparent":"","_kad_post_title":"","_kad_post_layout":"","_kad_post_sidebar_id":"","_kad_post_content_style":"","_kad_post_vertical_padding":"","_kad_post_feature":"","_kad_post_feature_position":"","_kad_post_header":false,"_kad_post_footer":false,"_kad_post_classname":"","footnotes":""},"class_list":["post-11602","page","type-page","status-publish","hentry"],"yoast_head":"<!-- This site is optimized with the Yoast SEO plugin v27.4 - https:\/\/yoast.com\/product\/yoast-seo-wordpress\/ -->\n<title>Odosobnienie z ayahuasc\u0105 w o\u015brodku Nimea Kaya - zrzeczenie si\u0119 odpowiedzialno\u015bci<\/title>\n<meta name=\"description\" content=\"Odosobnienie z ayahuasc\u0105 i uzdrowicielami Shipibo w Amazonii. Do\u015bwiadczony zesp\u00f3\u0142, pe\u0142na organizacja.\" \/>\n<meta name=\"robots\" content=\"index, follow, max-snippet:-1, max-image-preview:large, max-video-preview:-1\" \/>\n<link rel=\"canonical\" href=\"https:\/\/www.nimeakaya.org\/pl\/zrzeczenie-sie-odpowiedzialnosci-asociacion-selva-spirit\/\" \/>\n<meta property=\"og:locale\" content=\"pl_PL\" \/>\n<meta property=\"og:type\" content=\"article\" \/>\n<meta property=\"og:title\" content=\"Odosobnienie z ayahuasc\u0105 w o\u015brodku Nimea Kaya - zrzeczenie si\u0119 odpowiedzialno\u015bci\" \/>\n<meta property=\"og:description\" content=\"Odosobnienie z ayahuasc\u0105 i uzdrowicielami Shipibo w Amazonii. Do\u015bwiadczony zesp\u00f3\u0142, pe\u0142na organizacja.\" \/>\n<meta property=\"og:url\" content=\"https:\/\/www.nimeakaya.org\/pl\/zrzeczenie-sie-odpowiedzialnosci-asociacion-selva-spirit\/\" \/>\n<meta property=\"og:site_name\" content=\"Ayahuasca Retreat in Peru at the Nimea Kaya Retreat Center\" \/>\n<meta property=\"article:modified_time\" content=\"2025-08-18T14:04:12+00:00\" \/>\n<meta name=\"twitter:card\" content=\"summary_large_image\" \/>\n<meta name=\"twitter:label1\" content=\"Szacowany czas czytania\" \/>\n\t<meta name=\"twitter:data1\" content=\"3 minuty\" \/>\n<script type=\"application\/ld+json\" class=\"yoast-schema-graph\">{\"@context\":\"https:\\\/\\\/schema.org\",\"@graph\":[{\"@type\":\"WebPage\",\"@id\":\"https:\\\/\\\/www.nimeakaya.org\\\/pl\\\/zrzeczenie-sie-odpowiedzialnosci-asociacion-selva-spirit\\\/\",\"url\":\"https:\\\/\\\/www.nimeakaya.org\\\/pl\\\/zrzeczenie-sie-odpowiedzialnosci-asociacion-selva-spirit\\\/\",\"name\":\"Odosobnienie z ayahuasc\u0105 w o\u015brodku Nimea Kaya - zrzeczenie si\u0119 odpowiedzialno\u015bci\",\"isPartOf\":{\"@id\":\"https:\\\/\\\/www.nimeakaya.org\\\/pl\\\/#website\"},\"datePublished\":\"2019-03-04T21:39:43+00:00\",\"dateModified\":\"2025-08-18T14:04:12+00:00\",\"description\":\"Odosobnienie z ayahuasc\u0105 i uzdrowicielami Shipibo w Amazonii. Do\u015bwiadczony zesp\u00f3\u0142, pe\u0142na organizacja.\",\"breadcrumb\":{\"@id\":\"https:\\\/\\\/www.nimeakaya.org\\\/pl\\\/zrzeczenie-sie-odpowiedzialnosci-asociacion-selva-spirit\\\/#breadcrumb\"},\"inLanguage\":\"pl-PL\",\"potentialAction\":[{\"@type\":\"ReadAction\",\"target\":[\"https:\\\/\\\/www.nimeakaya.org\\\/pl\\\/zrzeczenie-sie-odpowiedzialnosci-asociacion-selva-spirit\\\/\"]}]},{\"@type\":\"BreadcrumbList\",\"@id\":\"https:\\\/\\\/www.nimeakaya.org\\\/pl\\\/zrzeczenie-sie-odpowiedzialnosci-asociacion-selva-spirit\\\/#breadcrumb\",\"itemListElement\":[{\"@type\":\"ListItem\",\"position\":1,\"name\":\"Home\",\"item\":\"https:\\\/\\\/www.nimeakaya.org\\\/pl\\\/dom\\\/\"},{\"@type\":\"ListItem\",\"position\":2,\"name\":\"Zrzeczenie si\u0119 odpowiedzialno\u015bci Asociaci\u00f2n selva spirit\"}]},{\"@type\":\"WebSite\",\"@id\":\"https:\\\/\\\/www.nimeakaya.org\\\/pl\\\/#website\",\"url\":\"https:\\\/\\\/www.nimeakaya.org\\\/pl\\\/\",\"name\":\"Ayahuasca Retreat in Peru at the Nimea Kaya Retreat Center\",\"description\":\"Nimea Kaya Healing Center\",\"publisher\":{\"@id\":\"https:\\\/\\\/www.nimeakaya.org\\\/pl\\\/#organization\"},\"potentialAction\":[{\"@type\":\"SearchAction\",\"target\":{\"@type\":\"EntryPoint\",\"urlTemplate\":\"https:\\\/\\\/www.nimeakaya.org\\\/pl\\\/?s={search_term_string}\"},\"query-input\":{\"@type\":\"PropertyValueSpecification\",\"valueRequired\":true,\"valueName\":\"search_term_string\"}}],\"inLanguage\":\"pl-PL\"},{\"@type\":\"Organization\",\"@id\":\"https:\\\/\\\/www.nimeakaya.org\\\/pl\\\/#organization\",\"name\":\"Ayahuasca Retreat in Peru at the Nimea Kaya Retreat Center\",\"url\":\"https:\\\/\\\/www.nimeakaya.org\\\/pl\\\/\",\"logo\":{\"@type\":\"ImageObject\",\"inLanguage\":\"pl-PL\",\"@id\":\"https:\\\/\\\/www.nimeakaya.org\\\/pl\\\/#\\\/schema\\\/logo\\\/image\\\/\",\"url\":\"https:\\\/\\\/www.nimeakaya.org\\\/wp-content\\\/uploads\\\/2019\\\/01\\\/NimeaKayaLogo.png\",\"contentUrl\":\"https:\\\/\\\/www.nimeakaya.org\\\/wp-content\\\/uploads\\\/2019\\\/01\\\/NimeaKayaLogo.png\",\"width\":290,\"height\":314,\"caption\":\"Ayahuasca Retreat in Peru at the Nimea Kaya Retreat Center\"},\"image\":{\"@id\":\"https:\\\/\\\/www.nimeakaya.org\\\/pl\\\/#\\\/schema\\\/logo\\\/image\\\/\"}}]}<\/script>\n<!-- \/ Yoast SEO plugin. -->","yoast_head_json":{"title":"Odosobnienie z ayahuasc\u0105 w o\u015brodku Nimea Kaya - zrzeczenie si\u0119 odpowiedzialno\u015bci","description":"Odosobnienie z ayahuasc\u0105 i uzdrowicielami Shipibo w Amazonii. Do\u015bwiadczony zesp\u00f3\u0142, pe\u0142na organizacja.","robots":{"index":"index","follow":"follow","max-snippet":"max-snippet:-1","max-image-preview":"max-image-preview:large","max-video-preview":"max-video-preview:-1"},"canonical":"https:\/\/www.nimeakaya.org\/pl\/zrzeczenie-sie-odpowiedzialnosci-asociacion-selva-spirit\/","og_locale":"pl_PL","og_type":"article","og_title":"Odosobnienie z ayahuasc\u0105 w o\u015brodku Nimea Kaya - zrzeczenie si\u0119 odpowiedzialno\u015bci","og_description":"Odosobnienie z ayahuasc\u0105 i uzdrowicielami Shipibo w Amazonii. Do\u015bwiadczony zesp\u00f3\u0142, pe\u0142na organizacja.","og_url":"https:\/\/www.nimeakaya.org\/pl\/zrzeczenie-sie-odpowiedzialnosci-asociacion-selva-spirit\/","og_site_name":"Ayahuasca Retreat in Peru at the Nimea Kaya Retreat Center","article_modified_time":"2025-08-18T14:04:12+00:00","twitter_card":"summary_large_image","twitter_misc":{"Szacowany czas czytania":"3 minuty"},"schema":{"@context":"https:\/\/schema.org","@graph":[{"@type":"WebPage","@id":"https:\/\/www.nimeakaya.org\/pl\/zrzeczenie-sie-odpowiedzialnosci-asociacion-selva-spirit\/","url":"https:\/\/www.nimeakaya.org\/pl\/zrzeczenie-sie-odpowiedzialnosci-asociacion-selva-spirit\/","name":"Odosobnienie z ayahuasc\u0105 w o\u015brodku Nimea Kaya - zrzeczenie si\u0119 odpowiedzialno\u015bci","isPartOf":{"@id":"https:\/\/www.nimeakaya.org\/pl\/#website"},"datePublished":"2019-03-04T21:39:43+00:00","dateModified":"2025-08-18T14:04:12+00:00","description":"Odosobnienie z ayahuasc\u0105 i uzdrowicielami Shipibo w Amazonii. Do\u015bwiadczony zesp\u00f3\u0142, pe\u0142na organizacja.","breadcrumb":{"@id":"https:\/\/www.nimeakaya.org\/pl\/zrzeczenie-sie-odpowiedzialnosci-asociacion-selva-spirit\/#breadcrumb"},"inLanguage":"pl-PL","potentialAction":[{"@type":"ReadAction","target":["https:\/\/www.nimeakaya.org\/pl\/zrzeczenie-sie-odpowiedzialnosci-asociacion-selva-spirit\/"]}]},{"@type":"BreadcrumbList","@id":"https:\/\/www.nimeakaya.org\/pl\/zrzeczenie-sie-odpowiedzialnosci-asociacion-selva-spirit\/#breadcrumb","itemListElement":[{"@type":"ListItem","position":1,"name":"Home","item":"https:\/\/www.nimeakaya.org\/pl\/dom\/"},{"@type":"ListItem","position":2,"name":"Zrzeczenie si\u0119 odpowiedzialno\u015bci Asociaci\u00f2n selva spirit"}]},{"@type":"WebSite","@id":"https:\/\/www.nimeakaya.org\/pl\/#website","url":"https:\/\/www.nimeakaya.org\/pl\/","name":"Ayahuasca Retreat in Peru at the Nimea Kaya Retreat Center","description":"Nimea Kaya Healing Center","publisher":{"@id":"https:\/\/www.nimeakaya.org\/pl\/#organization"},"potentialAction":[{"@type":"SearchAction","target":{"@type":"EntryPoint","urlTemplate":"https:\/\/www.nimeakaya.org\/pl\/?s={search_term_string}"},"query-input":{"@type":"PropertyValueSpecification","valueRequired":true,"valueName":"search_term_string"}}],"inLanguage":"pl-PL"},{"@type":"Organization","@id":"https:\/\/www.nimeakaya.org\/pl\/#organization","name":"Ayahuasca Retreat in Peru at the Nimea Kaya Retreat Center","url":"https:\/\/www.nimeakaya.org\/pl\/","logo":{"@type":"ImageObject","inLanguage":"pl-PL","@id":"https:\/\/www.nimeakaya.org\/pl\/#\/schema\/logo\/image\/","url":"https:\/\/www.nimeakaya.org\/wp-content\/uploads\/2019\/01\/NimeaKayaLogo.png","contentUrl":"https:\/\/www.nimeakaya.org\/wp-content\/uploads\/2019\/01\/NimeaKayaLogo.png","width":290,"height":314,"caption":"Ayahuasca Retreat in Peru at the Nimea Kaya Retreat Center"},"image":{"@id":"https:\/\/www.nimeakaya.org\/pl\/#\/schema\/logo\/image\/"}}]}},"taxonomy_info":[],"featured_image_src_large":false,"author_info":{"display_name":"adminNIMEAKAYA","author_link":"https:\/\/www.nimeakaya.org\/pl\/author\/adminnimeakaya\/"},"comment_info":0,"_links":{"self":[{"href":"https:\/\/www.nimeakaya.org\/pl\/wp-json\/wp\/v2\/pages\/11602","targetHints":{"allow":["GET"]}}],"collection":[{"href":"https:\/\/www.nimeakaya.org\/pl\/wp-json\/wp\/v2\/pages"}],"about":[{"href":"https:\/\/www.nimeakaya.org\/pl\/wp-json\/wp\/v2\/types\/page"}],"author":[{"embeddable":true,"href":"https:\/\/www.nimeakaya.org\/pl\/wp-json\/wp\/v2\/users\/1"}],"replies":[{"embeddable":true,"href":"https:\/\/www.nimeakaya.org\/pl\/wp-json\/wp\/v2\/comments?post=11602"}],"version-history":[{"count":1,"href":"https:\/\/www.nimeakaya.org\/pl\/wp-json\/wp\/v2\/pages\/11602\/revisions"}],"predecessor-version":[{"id":11603,"href":"https:\/\/www.nimeakaya.org\/pl\/wp-json\/wp\/v2\/pages\/11602\/revisions\/11603"}],"wp:attachment":[{"href":"https:\/\/www.nimeakaya.org\/pl\/wp-json\/wp\/v2\/media?parent=11602"}],"curies":[{"name":"wp","href":"https:\/\/api.w.org\/{rel}","templated":true}]}}